{"id":5531,"date":"2021-09-16T18:30:51","date_gmt":"2021-09-16T18:30:51","guid":{"rendered":"https:\/\/www.viconvino.com\/catas-de-vino\/"},"modified":"2024-10-01T08:19:14","modified_gmt":"2024-10-01T08:19:14","slug":"tastos-de-vi","status":"publish","type":"page","link":"https:\/\/www.viconvino.com\/ca\/tastos-de-vi\/","title":{"rendered":"Tastos de vi"},"content":{"rendered":"<div class=\"wpb-content-wrapper\"><p>[vc_row padding_top=&#8221;40&#8243;][vc_column css=&#8221;.vc_custom_1415523528328{padding-right: 20% !important;padding-left: 20% !important;}&#8221;]<h4 class=\"grve-element grve-align-center grve-title-line grve-h4 grve-animated-item grve-fadeIn\" style=\"\" data-delay=\"150\"><span>LES NOSTRES DEGUSTACIONS<\/span><\/h4>[vc_column_text text_style=&#8221;leader-text&#8221;]<\/p>\n<p style=\"text-align: center;\">Organitzem tastos de vi de manera peri\u00f2dica o sota demanda, amb grups redu\u00efts i de forma personalitzada.<\/p>\n<p>[\/vc_column_text][\/vc_column][\/vc_row][vc_row section_type=&#8221;fullwidth-element&#8221;][vc_column]<div class=\"grve-element grve-carousel-wrapper\" style=\"\"><div class=\"grve-carousel-navigation grve-light\" data-navigation-type=\"2\"><div class=\"grve-carousel-buttons\"><div class=\"grve-carousel-prev grve-icon-nav-left\"><\/div><div class=\"grve-carousel-next grve-icon-nav-right\"><\/div><\/div><\/div><div class=\"grve-carousel grve-gallery-popup grve-carousel-element \" data-items=\"4\" data-slider-autoplay=\"yes\" data-slider-speed=\"3000\" data-slider-pause=\"no\">\r\n\r\n\t\t\t<div class=\"grve-carousel-item\">  <a href=\"https:\/\/www.viconvino.com\/wp-content\/uploads\/2021\/09\/cata-viconvino-3.jpg\"><figure class=\"grve-image-hover\"><div class=\"grve-media\"><img loading=\"lazy\" decoding=\"async\" width=\"560\" height=\"315\" src=\"https:\/\/www.viconvino.com\/wp-content\/uploads\/2021\/09\/cata-viconvino-3-560x315.jpg\" class=\"attachment-grve-image-small-rect-horizontal size-grve-image-small-rect-horizontal\" alt=\"\" \/><\/div><\/figure>  <\/a><\/div><div class=\"grve-carousel-item\">  <a href=\"https:\/\/www.viconvino.com\/wp-content\/uploads\/2021\/09\/cata-viconvino-4.jpg\"><figure class=\"grve-image-hover\"><div class=\"grve-media\"><img loading=\"lazy\" decoding=\"async\" width=\"560\" height=\"315\" src=\"https:\/\/www.viconvino.com\/wp-content\/uploads\/2021\/09\/cata-viconvino-4-560x315.jpg\" class=\"attachment-grve-image-small-rect-horizontal size-grve-image-small-rect-horizontal\" alt=\"\" srcset=\"https:\/\/www.viconvino.com\/wp-content\/uploads\/2021\/09\/cata-viconvino-4-560x315.jpg 560w, https:\/\/www.viconvino.com\/wp-content\/uploads\/2021\/09\/cata-viconvino-4-1170x658.jpg 1170w\" sizes=\"auto, (max-width: 560px) 100vw, 560px\" \/><\/div><\/figure>  <\/a><\/div><div class=\"grve-carousel-item\">  <a href=\"https:\/\/www.viconvino.com\/wp-content\/uploads\/2021\/09\/cata-viconvino-5.jpg\"><figure class=\"grve-image-hover\"><div class=\"grve-media\"><img loading=\"lazy\" decoding=\"async\" width=\"560\" height=\"315\" src=\"https:\/\/www.viconvino.com\/wp-content\/uploads\/2021\/09\/cata-viconvino-5-560x315.jpg\" class=\"attachment-grve-image-small-rect-horizontal size-grve-image-small-rect-horizontal\" alt=\"\" srcset=\"https:\/\/www.viconvino.com\/wp-content\/uploads\/2021\/09\/cata-viconvino-5-560x315.jpg 560w, https:\/\/www.viconvino.com\/wp-content\/uploads\/2021\/09\/cata-viconvino-5-1170x658.jpg 1170w\" sizes=\"auto, (max-width: 560px) 100vw, 560px\" \/><\/div><\/figure>  <\/a><\/div><div class=\"grve-carousel-item\">  <a href=\"https:\/\/www.viconvino.com\/wp-content\/uploads\/2021\/09\/cata-viconvino-1.jpg\"><figure class=\"grve-image-hover\"><div class=\"grve-media\"><img loading=\"lazy\" decoding=\"async\" width=\"560\" height=\"315\" src=\"https:\/\/www.viconvino.com\/wp-content\/uploads\/2021\/09\/cata-viconvino-1-560x315.jpg\" class=\"attachment-grve-image-small-rect-horizontal size-grve-image-small-rect-horizontal\" alt=\"\" \/><\/div><\/figure>  <\/a><\/div><div class=\"grve-carousel-item\">  <a href=\"https:\/\/www.viconvino.com\/wp-content\/uploads\/2021\/09\/cata-viconvino-7.jpg\"><figure class=\"grve-image-hover\"><div class=\"grve-media\"><img loading=\"lazy\" decoding=\"async\" width=\"560\" height=\"315\" src=\"https:\/\/www.viconvino.com\/wp-content\/uploads\/2021\/09\/cata-viconvino-7-560x315.jpg\" class=\"attachment-grve-image-small-rect-horizontal size-grve-image-small-rect-horizontal\" alt=\"\" \/><\/div><\/figure>  <\/a><\/div><div class=\"grve-carousel-item\">  <a href=\"https:\/\/www.viconvino.com\/wp-content\/uploads\/2021\/09\/cata-viconvino-8.jpg\"><figure class=\"grve-image-hover\"><div class=\"grve-media\"><img loading=\"lazy\" decoding=\"async\" width=\"560\" height=\"315\" src=\"https:\/\/www.viconvino.com\/wp-content\/uploads\/2021\/09\/cata-viconvino-8-560x315.jpg\" class=\"attachment-grve-image-small-rect-horizontal size-grve-image-small-rect-horizontal\" alt=\"\" \/><\/div><\/figure>  <\/a><\/div><div class=\"grve-carousel-item\">  <a href=\"https:\/\/www.viconvino.com\/wp-content\/uploads\/2021\/09\/cata-viconvino-9.jpg\"><figure class=\"grve-image-hover\"><div class=\"grve-media\"><img loading=\"lazy\" decoding=\"async\" width=\"560\" height=\"315\" src=\"https:\/\/www.viconvino.com\/wp-content\/uploads\/2021\/09\/cata-viconvino-9-560x315.jpg\" class=\"attachment-grve-image-small-rect-horizontal size-grve-image-small-rect-horizontal\" alt=\"\" \/><\/div><\/figure>  <\/a><\/div><div class=\"grve-carousel-item\">  <a href=\"https:\/\/www.viconvino.com\/wp-content\/uploads\/2021\/09\/cata-viconvino-6.jpg\"><figure class=\"grve-image-hover\"><div class=\"grve-media\"><img loading=\"lazy\" decoding=\"async\" width=\"560\" height=\"315\" src=\"https:\/\/www.viconvino.com\/wp-content\/uploads\/2021\/09\/cata-viconvino-6-560x315.jpg\" class=\"attachment-grve-image-small-rect-horizontal size-grve-image-small-rect-horizontal\" alt=\"\" \/><\/div><\/figure>  <\/a><\/div><div class=\"grve-carousel-item\">  <a href=\"https:\/\/www.viconvino.com\/wp-content\/uploads\/2021\/09\/cata-viconvino-portada.jpg\"><figure class=\"grve-image-hover\"><div class=\"grve-media\"><img loading=\"lazy\" decoding=\"async\" width=\"560\" height=\"315\" src=\"https:\/\/www.viconvino.com\/wp-content\/uploads\/2021\/09\/cata-viconvino-portada-560x315.jpg\" class=\"attachment-grve-image-small-rect-horizontal size-grve-image-small-rect-horizontal\" alt=\"\" srcset=\"https:\/\/www.viconvino.com\/wp-content\/uploads\/2021\/09\/cata-viconvino-portada-560x315.jpg 560w, https:\/\/www.viconvino.com\/wp-content\/uploads\/2021\/09\/cata-viconvino-portada-1170x658.jpg 1170w\" sizes=\"auto, (max-width: 560px) 100vw, 560px\" \/><\/div><\/figure>  <\/a><\/div><div class=\"grve-carousel-item\">  <a href=\"https:\/\/www.viconvino.com\/wp-content\/uploads\/2021\/09\/cata-viconvino-2.jpg\"><figure class=\"grve-image-hover\"><div class=\"grve-media\"><img loading=\"lazy\" decoding=\"async\" width=\"560\" height=\"315\" src=\"https:\/\/www.viconvino.com\/wp-content\/uploads\/2021\/09\/cata-viconvino-2-560x315.jpg\" class=\"attachment-grve-image-small-rect-horizontal size-grve-image-small-rect-horizontal\" alt=\"\" \/><\/div><\/figure>  <\/a><\/div><\/div><\/div>[\/vc_column][\/vc_row][vc_row padding_top=&#8221;50&#8243;][vc_column][vc_empty_space][vc_column_text text_style=&#8221;leader-text&#8221;]<\/p>\n<p style=\"text-align: center;\">Les nostres degustacions de vins es celebren a la nostra botiga de Barcelona amb les seg\u00fcents caracter\u00edstiques:<\/p>\n<p>[\/vc_column_text][vc_empty_space][\/vc_column][\/vc_row][vc_row][vc_column width=&#8221;1\/2&#8243;]<div class=\"grve-element grve-list grve-list-check \" style=\"\"><ul>\n<li>Tots els tastos es realitzaran en copes de cristall Riedel.<\/li>\n<li>Tots els tastos seran dirigits per un sommelier.<\/li>\n<li>En el cas d&#8217;alguna al\u00b7l\u00e8rgia o intoler\u00e0ncia, avisa&#8217;ns amb temps.<\/li>\n<li>Viconvino es reserva el dret de canviar algun vi per falta d&#8217;estoc i substituir-lo per un altre de similar o de qualitat superior.<\/li>\n<\/ul>\n<\/div>[\/vc_column][vc_column width=&#8221;1\/2&#8243;]<div class=\"grve-element grve-list grve-list-check \" style=\"\"><ul>\n<li>En cas de no arribar al m\u00ednim d&#8217;assistents l&#8217;esdeveniment s&#8217;ajornar\u00e0 a una nova data o si ho desitja el client es retornar\u00e0 l&#8217;import.<\/li>\n<li>La degustaci\u00f3 anir\u00e0 a c\u00e0rrec d&#8217;un sommelier que guiar\u00e0 a trav\u00e9s de l&#8217;apasionant m\u00f3n del vi i es realitzar\u00e0 al nostre local en el centre de Barcelona en el Carrer Diputaci\u00f3 163.<\/li>\n<li>Tamb\u00e9 pots regalar un dels nostres tastos, una experi\u00e8ncia inolvidable a la nostra sala de degustacions.<\/li>\n<\/ul>\n<\/div>[\/vc_column][\/vc_row][vc_row desktop_visibility=&#8221;hide&#8221; tablet_visibility=&#8221;hide&#8221; tablet_sm_visibility=&#8221;hide&#8221; mobile_visibility=&#8221;hide&#8221; padding_top=&#8221;50&#8243;][vc_column][vc_empty_space][\/vc_column][\/vc_row][vc_row desktop_visibility=&#8221;hide&#8221; tablet_visibility=&#8221;hide&#8221; tablet_sm_visibility=&#8221;hide&#8221; mobile_visibility=&#8221;hide&#8221;][vc_column][vc_column_text]<\/p>\n<h2>DE MOMENT NO TENIM CAP TAST PROGRAMAT<\/h2>\n<p>Si vols, pots deixar-nos el teu mail per tal de mantenir-te al dia de tots els nostres esdeveniments:<\/p>\n<p><i>\n\t\t\t<form id=\"sib_signup_form_2\" method=\"post\" class=\"sib_signup_form\">\n\t\t\t\t<div class=\"sib_loader\" style=\"display:none;\"><img\n\t\t\t\t\t\t\tsrc=\"https:\/\/www.viconvino.com\/wp-includes\/images\/spinner.gif\" alt=\"loader\"><\/div>\n\t\t\t\t<input type=\"hidden\" name=\"sib_form_action\" value=\"subscribe_form_submit\">\n\t\t\t\t<input type=\"hidden\" name=\"sib_form_id\" value=\"2\">\n                <input type=\"hidden\" name=\"sib_form_alert_notice\" value=\"Este campo es obligatorio\">\n                <input type=\"hidden\" name=\"sib_form_invalid_email_notice\" value=\"Tu mail no es v\u00e1lido\">\n                <input type=\"hidden\" name=\"sib_security\" value=\"983eeedc72\">\n\t\t\t\t<div class=\"sib_signup_box_inside_2\">\n\t\t\t\t\t<div style=\"\/*display:none*\/\" class=\"sib_msg_disp\">\n\t\t\t\t\t<\/div>\n                    \t\t\t\t\t<p class=\"sib-email-area\">\r\n    <label class=\"sib-email-area\">Email*<\/label>\r\n    <input type=\"email\" class=\"sib-email-area\" name=\"email\" required=\"required\">\r\n<\/p>\r\n<p>\r\n    <input type=\"submit\" class=\"sib-default-btn\" value=\"Enviar\">\r\n<\/p>\r\n<p>\r\n<input type=\"checkbox\" name=\"terms\" required=\"required\">Acepto la <a href=\"https:\/\/www.viconvino.com\/politica-de-privacidad\/\">pol\u00edtica de privacidad<\/a>\r\n<\/p>\r\n\r\n\t\t\t\t<\/div>\n\t\t\t<\/form>\n\t\t\t<style>\n\t\t\t\tform#sib_signup_form_2 p.sib-alert-message {\n    padding: 6px 12px;\n    margin-bottom: 20px;\n    border: 1px solid transparent;\n    border-radius: 4px;\n    -webkit-box-sizing: border-box;\n    -moz-box-sizing: border-box;\n    box-sizing: border-box;\n}\nform#sib_signup_form_2 p.sib-alert-message-error {\n    background-color: #f2dede;\n    border-color: #ebccd1;\n    color: #a94442;\n}\nform#sib_signup_form_2 p.sib-alert-message-success {\n    background-color: #dff0d8;\n    border-color: #d6e9c6;\n    color: #3c763d;\n}\nform#sib_signup_form_2 p.sib-alert-message-warning {\n    background-color: #fcf8e3;\n    border-color: #faebcc;\n    color: #8a6d3b;\n}\n\t\t\t<\/style>\n\t\t\t<\/i>[\/vc_column_text][\/vc_column][\/vc_row][vc_row padding_top=&#8221;40&#8243;][vc_column css=&#8221;.vc_custom_1415523528328{padding-right: 20% !important;padding-left: 20% !important;}&#8221;]<h4 class=\"grve-element grve-align-center grve-title-line grve-h4 grve-animated-item grve-fadeIn\" style=\"\" data-delay=\"150\"><span>PROPERS TASTOS<\/span><\/h4>[vc_column_text text_style=&#8221;leader-text&#8221;]<\/p>\n<p style=\"text-align: center;\">Si vols apuntar-te a algun dels nostres tastos, clica en el bot\u00f3 i si tens dubtes omple el formulari que trobar\u00e0s m\u00e9s avall.<\/p>\n<p>[\/vc_column_text][\/vc_column][\/vc_row][vc_row desktop_visibility=&#8221;hide&#8221; tablet_visibility=&#8221;hide&#8221; tablet_sm_visibility=&#8221;hide&#8221; mobile_visibility=&#8221;hide&#8221; padding_top=&#8221;40&#8243;][vc_column][vc_column_text][add_eventon event_order=&#8221;ASC&#8221; event_count=&#8221;2&#8243; tiles=&#8217;yes&#8217; tile_style=&#8217;1&#8242; tile_bg=&#8217;1&#8242; tile_height=&#8217;400&#8242; tile_count=&#8217;2&#8242; lang=&#8217;L1&#8242;][\/vc_column_text][\/vc_column][\/vc_row][vc_row padding_top=&#8221;40&#8243;][vc_column width=&#8221;1\/4&#8243;][\/vc_column][vc_column width=&#8221;1\/2&#8243;]<div class=\"woocommerce columns-1 \"><\/div>[\/vc_column][vc_column width=&#8221;1\/4&#8243;][\/vc_column][\/vc_row][vc_row padding_top=&#8221;50&#8243;][vc_column][vc_empty_space][\/vc_column][\/vc_row][vc_row][vc_column width=&#8221;1\/4&#8243;][\/vc_column][vc_column width=&#8221;1\/2&#8243;][vc_column_text text_style=&#8221;leader-text&#8221;]<\/p>\n<p style=\"text-align: center;\">Deixa&#8217;ns les teves dades i et mantindrem informat dels nostres tatstos<\/p>\n<p>[\/vc_column_text]\n<div class=\"wpcf7 no-js\" id=\"wpcf7-f5538-o1\" lang=\"ca\" dir=\"ltr\" data-wpcf7-id=\"5538\">\n<div class=\"screen-reader-response\"><p role=\"status\" aria-live=\"polite\" aria-atomic=\"true\"><\/p> <ul><\/ul><\/div>\n<form action=\"\/ca\/wp-json\/wp\/v2\/pages\/5531#wpcf7-f5538-o1\" method=\"post\" class=\"wpcf7-form init wpcf7-acceptance-as-validation\" aria-label=\"Formulari de contacte\" novalidate=\"novalidate\" data-status=\"init\">\n<fieldset class=\"hidden-fields-container\"><input type=\"hidden\" name=\"_wpcf7\" value=\"5538\" \/><input type=\"hidden\" name=\"_wpcf7_version\" value=\"6.1.5\" \/><input type=\"hidden\" name=\"_wpcf7_locale\" value=\"ca\" \/><input type=\"hidden\" name=\"_wpcf7_unit_tag\" value=\"wpcf7-f5538-o1\" \/><input type=\"hidden\" name=\"_wpcf7_container_post\" value=\"0\" \/><input type=\"hidden\" name=\"_wpcf7_posted_data_hash\" value=\"\" \/><input type=\"hidden\" name=\"_wpcf7_recaptcha_response\" value=\"\" \/>\n<\/fieldset>\n<p><label> El teu nom (obligatori)<br \/>\n<span class=\"wpcf7-form-control-wrap\" data-name=\"your-name\"><input size=\"40\" maxlength=\"400\" class=\"wpcf7-form-control wpcf7-text wpcf7-validates-as-required\" aria-required=\"true\" aria-invalid=\"false\" value=\"\" type=\"text\" name=\"your-name\" \/><\/span> <\/label>\n<\/p>\n<p><label> El teu correu electr\u00f2nic<br \/>\n<span class=\"wpcf7-form-control-wrap\" data-name=\"your-email\"><input size=\"40\" maxlength=\"400\" class=\"wpcf7-form-control wpcf7-email wpcf7-validates-as-required wpcf7-text wpcf7-validates-as-email\" aria-required=\"true\" aria-invalid=\"false\" value=\"\" type=\"email\" name=\"your-email\" \/><\/span> <\/label>\n<\/p>\n<p><label> Tel\u00e8fon<br \/>\n<span class=\"wpcf7-form-control-wrap\" data-name=\"tel-891\"><input size=\"40\" maxlength=\"400\" class=\"wpcf7-form-control wpcf7-tel wpcf7-text wpcf7-validates-as-tel\" aria-invalid=\"false\" value=\"\" type=\"tel\" name=\"tel-891\" \/><\/span> <\/label>\n<\/p>\n<p><label> El teu missatge<br \/>\n<span class=\"wpcf7-form-control-wrap\" data-name=\"your-message\"><textarea cols=\"40\" rows=\"10\" maxlength=\"2000\" class=\"wpcf7-form-control wpcf7-textarea wpcf7-validates-as-required\" aria-required=\"true\" aria-invalid=\"false\" name=\"your-message\"><\/textarea><\/span> <\/label>\n<\/p>\n<p><label><span class=\"wpcf7-form-control-wrap\" data-name=\"acceptance-626\"><span class=\"wpcf7-form-control wpcf7-acceptance\"><span class=\"wpcf7-list-item\"><input type=\"checkbox\" name=\"acceptance-626\" value=\"1\" aria-invalid=\"false\" \/><\/span><\/span><\/span> He llegit i accepto la <a href=\"https:\/\/www.viconvino.com\/ca\/politica-de-privacidad\/\" target=\"blank\">pol\u00edtica de privacitat<\/a>.<\/label>\n<\/p>\n<p><input class=\"wpcf7-form-control wpcf7-submit has-spinner\" type=\"submit\" value=\"Enviar\" \/>\n<\/p><div class=\"wpcf7-response-output\" aria-hidden=\"true\"><\/div>\n<\/form>\n<\/div>\n[\/vc_column][vc_column width=&#8221;1\/4&#8243;][\/vc_column][\/vc_row]<\/p>\n<\/div>","protected":false},"excerpt":{"rendered":"<p>[vc_row padding_top=&#8221;40&#8243;][vc_column css=&#8221;.vc_custom_1415523528328{padding-right: 20% !important;padding-left: 20% !important;}&#8221;][vc_column_text text_style=&#8221;leader-text&#8221;] Organitzem tastos de vi de manera peri\u00f2dica o sota demanda, amb grups redu\u00efts i de forma personalitzada. [\/vc_column_text][\/vc_column][\/vc_row][vc_row section_type=&#8221;fullwidth-element&#8221;][vc_column][\/vc_column][\/vc_row][vc_row padding_top=&#8221;50&#8243;][vc_column][vc_empty_space][vc_column_text text_style=&#8221;leader-text&#8221;] Les nostres degustacions de vins es celebren a la nostra botiga de Barcelona amb les seg\u00fcents caracter\u00edstiques: [\/vc_column_text][vc_empty_space][\/vc_column][\/vc_row][vc_row][vc_column width=&#8221;1\/2&#8243;][\/vc_column][vc_column width=&#8221;1\/2&#8243;][\/vc_column][\/vc_row][vc_row desktop_visibility=&#8221;hide&#8221; tablet_visibility=&#8221;hide&#8221; tablet_sm_visibility=&#8221;hide&#8221; mobile_visibility=&#8221;hide&#8221; padding_top=&#8221;50&#8243;][vc_column][vc_empty_space][\/vc_column][\/vc_row][vc_row desktop_visibility=&#8221;hide&#8221; [&hellip;]<\/p>\n","protected":false},"author":1,"featured_media":0,"parent":0,"menu_order":0,"comment_status":"closed","ping_status":"closed","template":"","meta":{"footnotes":""},"class_list":["post-5531","page","type-page","status-publish","hentry"],"yoast_head":"<!-- This site is optimized with the Yoast SEO plugin v27.0 - https:\/\/yoast.com\/product\/yoast-seo-wordpress\/ -->\n<title>Tastos de vi - viconvino.com<\/title>\n<meta name=\"description\" content=\"Bienvenido a nuestro universo del vino. El lugar en el que encontrar\u00e1s el regalo perfecto relacionado con el mundo del vino.\" \/>\n<meta name=\"robots\" content=\"index, follow, max-snippet:-1, max-image-preview:large, max-video-preview:-1\" \/>\n<link rel=\"canonical\" href=\"https:\/\/www.viconvino.com\/ca\/tastos-de-vi\/\" \/>\n<meta property=\"og:locale\" content=\"ca_ES\" \/>\n<meta property=\"og:type\" content=\"article\" \/>\n<meta property=\"og:title\" content=\"Tastos de vi - viconvino.com\" \/>\n<meta property=\"og:description\" content=\"Bienvenido a nuestro universo del vino. El lugar en el que encontrar\u00e1s el regalo perfecto relacionado con el mundo del vino.\" \/>\n<meta property=\"og:url\" content=\"https:\/\/www.viconvino.com\/ca\/tastos-de-vi\/\" \/>\n<meta property=\"og:site_name\" content=\"viconvino.com\" \/>\n<meta property=\"article:publisher\" content=\"https:\/\/www.facebook.com\/viconvino\" \/>\n<meta property=\"article:modified_time\" content=\"2024-10-01T08:19:14+00:00\" \/>\n<meta property=\"og:image\" content=\"https:\/\/www.viconvino.com\/wp-content\/uploads\/2021\/06\/viconvino-tienda-de-vinos-40.jpg\" \/>\n\t<meta property=\"og:image:width\" content=\"1500\" \/>\n\t<meta property=\"og:image:height\" content=\"1000\" \/>\n\t<meta property=\"og:image:type\" content=\"image\/jpeg\" \/>\n<meta name=\"twitter:card\" content=\"summary_large_image\" \/>\n<meta name=\"twitter:label1\" content=\"Temps estimat de lectura\" \/>\n\t<meta name=\"twitter:data1\" content=\"4 minuts\" \/>\n<!-- \/ Yoast SEO plugin. -->","yoast_head_json":{"title":"Tastos de vi - viconvino.com","description":"Bienvenido a nuestro universo del vino. El lugar en el que encontrar\u00e1s el regalo perfecto relacionado con el mundo del vino.","robots":{"index":"index","follow":"follow","max-snippet":"max-snippet:-1","max-image-preview":"max-image-preview:large","max-video-preview":"max-video-preview:-1"},"canonical":"https:\/\/www.viconvino.com\/ca\/tastos-de-vi\/","og_locale":"ca_ES","og_type":"article","og_title":"Tastos de vi - viconvino.com","og_description":"Bienvenido a nuestro universo del vino. El lugar en el que encontrar\u00e1s el regalo perfecto relacionado con el mundo del vino.","og_url":"https:\/\/www.viconvino.com\/ca\/tastos-de-vi\/","og_site_name":"viconvino.com","article_publisher":"https:\/\/www.facebook.com\/viconvino","article_modified_time":"2024-10-01T08:19:14+00:00","og_image":[{"width":1500,"height":1000,"url":"https:\/\/www.viconvino.com\/wp-content\/uploads\/2021\/06\/viconvino-tienda-de-vinos-40.jpg","type":"image\/jpeg"}],"twitter_card":"summary_large_image","twitter_misc":{"Temps estimat de lectura":"4 minuts"},"schema":{"@context":"https:\/\/schema.org","@graph":[{"@type":"WebPage","@id":"https:\/\/www.viconvino.com\/ca\/tastos-de-vi\/","url":"https:\/\/www.viconvino.com\/ca\/tastos-de-vi\/","name":"Tastos de vi - viconvino.com","isPartOf":{"@id":"https:\/\/www.viconvino.com\/ca\/#website"},"datePublished":"2021-09-16T18:30:51+00:00","dateModified":"2024-10-01T08:19:14+00:00","description":"Bienvenido a nuestro universo del vino. El lugar en el que encontrar\u00e1s el regalo perfecto relacionado con el mundo del vino.","breadcrumb":{"@id":"https:\/\/www.viconvino.com\/ca\/tastos-de-vi\/#breadcrumb"},"inLanguage":"ca","potentialAction":[{"@type":"ReadAction","target":["https:\/\/www.viconvino.com\/ca\/tastos-de-vi\/"]}]},{"@type":"BreadcrumbList","@id":"https:\/\/www.viconvino.com\/ca\/tastos-de-vi\/#breadcrumb","itemListElement":[{"@type":"ListItem","position":1,"name":"Portada","item":"https:\/\/www.viconvino.com\/ca\/"},{"@type":"ListItem","position":2,"name":"Tastos de vi"}]},{"@type":"WebSite","@id":"https:\/\/www.viconvino.com\/ca\/#website","url":"https:\/\/www.viconvino.com\/ca\/","name":"viconvino.com","description":"Bienvenidos a nuestro universo del vino. El lugar en el que encontrar\u00e1s el regalo perfecto relacionado con el mundo del vino.","publisher":{"@id":"https:\/\/www.viconvino.com\/ca\/#organization"},"potentialAction":[{"@type":"SearchAction","target":{"@type":"EntryPoint","urlTemplate":"https:\/\/www.viconvino.com\/ca\/?s={search_term_string}"},"query-input":{"@type":"PropertyValueSpecification","valueRequired":true,"valueName":"search_term_string"}}],"inLanguage":"ca"},{"@type":"Organization","@id":"https:\/\/www.viconvino.com\/ca\/#organization","name":"Viconvino","url":"https:\/\/www.viconvino.com\/ca\/","logo":{"@type":"ImageObject","inLanguage":"ca","@id":"https:\/\/www.viconvino.com\/ca\/#\/schema\/logo\/image\/","url":"https:\/\/www.viconvino.com\/wp-content\/uploads\/2021\/05\/viconvino_mail.png","contentUrl":"https:\/\/www.viconvino.com\/wp-content\/uploads\/2021\/05\/viconvino_mail.png","width":424,"height":258,"caption":"Viconvino"},"image":{"@id":"https:\/\/www.viconvino.com\/ca\/#\/schema\/logo\/image\/"},"sameAs":["https:\/\/www.facebook.com\/viconvino","https:\/\/www.instagram.com\/viconvino\/"]}]}},"_links":{"self":[{"href":"https:\/\/www.viconvino.com\/ca\/wp-json\/wp\/v2\/pages\/5531","targetHints":{"allow":["GET"]}}],"collection":[{"href":"https:\/\/www.viconvino.com\/ca\/wp-json\/wp\/v2\/pages"}],"about":[{"href":"https:\/\/www.viconvino.com\/ca\/wp-json\/wp\/v2\/types\/page"}],"author":[{"embeddable":true,"href":"https:\/\/www.viconvino.com\/ca\/wp-json\/wp\/v2\/users\/1"}],"replies":[{"embeddable":true,"href":"https:\/\/www.viconvino.com\/ca\/wp-json\/wp\/v2\/comments?post=5531"}],"version-history":[{"count":63,"href":"https:\/\/www.viconvino.com\/ca\/wp-json\/wp\/v2\/pages\/5531\/revisions"}],"predecessor-version":[{"id":8696,"href":"https:\/\/www.viconvino.com\/ca\/wp-json\/wp\/v2\/pages\/5531\/revisions\/8696"}],"wp:attachment":[{"href":"https:\/\/www.viconvino.com\/ca\/wp-json\/wp\/v2\/media?parent=5531"}],"curies":[{"name":"wp","href":"https:\/\/api.w.org\/{rel}","templated":true}]}}