{"id":8264,"date":"2024-02-09T16:55:53","date_gmt":"2024-02-09T16:55:53","guid":{"rendered":"https:\/\/www.viconvino.com\/?post_type=product&#038;p=8264"},"modified":"2024-11-22T13:55:56","modified_gmt":"2024-11-22T13:55:56","slug":"pack-barca","status":"publish","type":"product","link":"https:\/\/www.viconvino.com\/ca\/producte\/pack-barca\/","title":{"rendered":"Pack Bar\u00e7a"},"content":{"rendered":"<div class=\"wpb-content-wrapper\"><p>[vc_row padding_bottom=&#8221;80&#8243; padding_top=&#8221;30&#8243;][vc_column width=&#8221;1\/2&#8243; tablet_width=&#8221;2-3&#8243;][vc_column_text text_style=&#8221;leader-text&#8221;]El regal que marida perfectament a un amant dels vins que sigui seguidor del Futbol Club Barcelona.[\/vc_column_text][\/vc_column][vc_column width=&#8221;1\/2&#8243; tablet_width=&#8221;1-3&#8243; css=&#8221;.vc_custom_1423118831825{border-left-width: 1px !important;padding-top: 15px !important;padding-bottom: 15px !important;padding-left: 20px !important;border-left-color: #e9e9e9 !important;border-left-style: solid !important;}&#8221;]<div class=\"grve-element grve-list grve-list-angle-right \" style=\"\"><ul>\n<li><strong>Enviament:<\/strong> Gratis<\/li>\n<li><strong>Personalitzat:<\/strong> 100%<\/li>\n<li><strong>Ampolles:<\/strong> 1, 2 o 3<\/li>\n<\/ul>\n<\/div>[\/vc_column][\/vc_row]<\/p>\n<\/div>","protected":false},"excerpt":{"rendered":"<p>[vc_row][vc_column][vc_column_text]El regal que li encantar\u00e0 a qualsevol seguidor del Bar\u00e7a. Sorpr\u00e8n amb un pack totalment personalitzat, original i \u00fanic.<\/p>\n<p>Si \u00e9s un amant del vi i la seva passi\u00f3 \u00e9s el futbol i els colors blaugranes, aquest \u00e9s el regal perfecte.<\/p>\n<p>Un pack de vi d&#8217;1, 2 o 3 ampolles, escollides especialment per la nostra sommelier per la seva relaci\u00f3 amb el Bar\u00e7a i acompanyades d&#8217;una explicaci\u00f3 detallada i personalitzada.<\/p>\n<p>Escull entre 1, 2 o 3 ampolles. El preu inclou:[\/vc_column_text][\/vc_column][\/vc_row][vc_row][vc_column width=&#8221;1\/4&#8243;][\/vc_column][vc_column width=&#8221;1\/2&#8243;][grve_list icon=\"angle-right\"]<\/p>\n<ul>\n<li><strong>Caixa de regal<\/strong><\/li>\n<li><strong>Targeta totalment personalitzada<\/strong><\/li>\n<li><strong>Explicaci\u00f3 dels vins<\/strong><\/li>\n<li><strong>Enviament gratu\u00eft<\/strong><\/li>\n<\/ul>\n<p>[\/grve_list][\/vc_column][vc_column width=&#8221;1\/4&#8243;][\/vc_column][\/vc_row]<\/p>\n","protected":false},"featured_media":8396,"template":"","meta":[],"product_brand":[],"product_cat":[288],"product_tag":[],"class_list":{"0":"post-8264","1":"product","2":"type-product","3":"status-publish","4":"has-post-thumbnail","6":"product_cat-packs","8":"first","9":"instock","10":"shipping-taxable","11":"purchasable","12":"product-type-variable"},"yoast_head":"<!-- This site is optimized with the Yoast SEO plugin v27.0 - https:\/\/yoast.com\/product\/yoast-seo-wordpress\/ -->\n<title>Pack Bar\u00e7a - viconvino.com<\/title>\n<meta name=\"robots\" content=\"index, follow, max-snippet:-1, max-image-preview:large, max-video-preview:-1\" \/>\n<link rel=\"canonical\" href=\"https:\/\/www.viconvino.com\/ca\/producte\/pack-barca\/\" \/>\n<meta property=\"og:locale\" content=\"ca_ES\" \/>\n<meta property=\"og:type\" content=\"article\" \/>\n<meta property=\"og:title\" content=\"Pack Bar\u00e7a - viconvino.com\" \/>\n<meta property=\"og:description\" content=\"[vc_row][vc_column][vc_column_text]El regal que li encantar\u00e0 a qualsevol seguidor del Bar\u00e7a. Sorpr\u00e8n amb un pack totalment personalitzat, original i \u00fanic.  Si \u00e9s un amant del vi i la seva passi\u00f3 \u00e9s el futbol i els colors blaugranes, aquest \u00e9s el regal perfecte.  Un pack de vi d&#039;1, 2 o 3 ampolles, escollides especialment per la nostra sommelier per la seva relaci\u00f3 amb el Bar\u00e7a i acompanyades d&#039;una explicaci\u00f3 detallada i personalitzada.  Escull entre 1, 2 o 3 ampolles. El preu inclou:[\/vc_column_text][\/vc_column][\/vc_row][vc_row][vc_column width=&quot;1\/4&quot;][\/vc_column][vc_column width=&quot;1\/2&quot;][\/vc_column][vc_column width=&quot;1\/4&quot;][\/vc_column][\/vc_row]\" \/>\n<meta property=\"og:url\" content=\"https:\/\/www.viconvino.com\/ca\/producte\/pack-barca\/\" \/>\n<meta property=\"og:site_name\" content=\"viconvino.com\" \/>\n<meta property=\"article:publisher\" content=\"https:\/\/www.facebook.com\/viconvino\" \/>\n<meta property=\"article:modified_time\" content=\"2024-11-22T13:55:56+00:00\" \/>\n<meta property=\"og:image\" content=\"https:\/\/www.viconvino.com\/wp-content\/uploads\/2024\/02\/IMG_9137.jpeg\" \/>\n\t<meta property=\"og:image:width\" content=\"746\" \/>\n\t<meta property=\"og:image:height\" content=\"750\" \/>\n\t<meta property=\"og:image:type\" content=\"image\/jpeg\" \/>\n<meta name=\"twitter:card\" content=\"summary_large_image\" \/>\n<meta name=\"twitter:label1\" content=\"Temps estimat de lectura\" \/>\n\t<meta name=\"twitter:data1\" content=\"1 minut\" \/>\n<!-- \/ Yoast SEO plugin. -->","yoast_head_json":{"title":"Pack Bar\u00e7a - viconvino.com","robots":{"index":"index","follow":"follow","max-snippet":"max-snippet:-1","max-image-preview":"max-image-preview:large","max-video-preview":"max-video-preview:-1"},"canonical":"https:\/\/www.viconvino.com\/ca\/producte\/pack-barca\/","og_locale":"ca_ES","og_type":"article","og_title":"Pack Bar\u00e7a - viconvino.com","og_description":"[vc_row][vc_column][vc_column_text]El regal que li encantar\u00e0 a qualsevol seguidor del Bar\u00e7a. Sorpr\u00e8n amb un pack totalment personalitzat, original i \u00fanic.  Si \u00e9s un amant del vi i la seva passi\u00f3 \u00e9s el futbol i els colors blaugranes, aquest \u00e9s el regal perfecte.  Un pack de vi d'1, 2 o 3 ampolles, escollides especialment per la nostra sommelier per la seva relaci\u00f3 amb el Bar\u00e7a i acompanyades d'una explicaci\u00f3 detallada i personalitzada.  Escull entre 1, 2 o 3 ampolles. El preu inclou:[\/vc_column_text][\/vc_column][\/vc_row][vc_row][vc_column width=\"1\/4\"][\/vc_column][vc_column width=\"1\/2\"][\/vc_column][vc_column width=\"1\/4\"][\/vc_column][\/vc_row]","og_url":"https:\/\/www.viconvino.com\/ca\/producte\/pack-barca\/","og_site_name":"viconvino.com","article_publisher":"https:\/\/www.facebook.com\/viconvino","article_modified_time":"2024-11-22T13:55:56+00:00","og_image":[{"width":746,"height":750,"url":"https:\/\/www.viconvino.com\/wp-content\/uploads\/2024\/02\/IMG_9137.jpeg","type":"image\/jpeg"}],"twitter_card":"summary_large_image","twitter_misc":{"Temps estimat de lectura":"1 minut"},"schema":{"@context":"https:\/\/schema.org","@graph":[{"@type":"WebPage","@id":"https:\/\/www.viconvino.com\/ca\/producte\/pack-barca\/","url":"https:\/\/www.viconvino.com\/ca\/producte\/pack-barca\/","name":"Pack Bar\u00e7a - viconvino.com","isPartOf":{"@id":"https:\/\/www.viconvino.com\/ca\/#website"},"primaryImageOfPage":{"@id":"https:\/\/www.viconvino.com\/ca\/producte\/pack-barca\/#primaryimage"},"image":{"@id":"https:\/\/www.viconvino.com\/ca\/producte\/pack-barca\/#primaryimage"},"thumbnailUrl":"https:\/\/www.viconvino.com\/wp-content\/uploads\/2024\/02\/IMG_9137.jpeg","datePublished":"2024-02-09T16:55:53+00:00","dateModified":"2024-11-22T13:55:56+00:00","breadcrumb":{"@id":"https:\/\/www.viconvino.com\/ca\/producte\/pack-barca\/#breadcrumb"},"inLanguage":"ca","potentialAction":[{"@type":"ReadAction","target":["https:\/\/www.viconvino.com\/ca\/producte\/pack-barca\/"]}]},{"@type":"ImageObject","inLanguage":"ca","@id":"https:\/\/www.viconvino.com\/ca\/producte\/pack-barca\/#primaryimage","url":"https:\/\/www.viconvino.com\/wp-content\/uploads\/2024\/02\/IMG_9137.jpeg","contentUrl":"https:\/\/www.viconvino.com\/wp-content\/uploads\/2024\/02\/IMG_9137.jpeg","width":746,"height":750},{"@type":"BreadcrumbList","@id":"https:\/\/www.viconvino.com\/ca\/producte\/pack-barca\/#breadcrumb","itemListElement":[{"@type":"ListItem","position":1,"name":"Portada","item":"https:\/\/www.viconvino.com\/ca\/"},{"@type":"ListItem","position":2,"name":"Botiga Online","item":"https:\/\/www.viconvino.com\/ca\/botiga-online\/"},{"@type":"ListItem","position":3,"name":"Pack Bar\u00e7a"}]},{"@type":"WebSite","@id":"https:\/\/www.viconvino.com\/ca\/#website","url":"https:\/\/www.viconvino.com\/ca\/","name":"viconvino.com","description":"Bienvenidos a nuestro universo del vino. El lugar en el que encontrar\u00e1s el regalo perfecto relacionado con el mundo del vino.","publisher":{"@id":"https:\/\/www.viconvino.com\/ca\/#organization"},"potentialAction":[{"@type":"SearchAction","target":{"@type":"EntryPoint","urlTemplate":"https:\/\/www.viconvino.com\/ca\/?s={search_term_string}"},"query-input":{"@type":"PropertyValueSpecification","valueRequired":true,"valueName":"search_term_string"}}],"inLanguage":"ca"},{"@type":"Organization","@id":"https:\/\/www.viconvino.com\/ca\/#organization","name":"Viconvino","url":"https:\/\/www.viconvino.com\/ca\/","logo":{"@type":"ImageObject","inLanguage":"ca","@id":"https:\/\/www.viconvino.com\/ca\/#\/schema\/logo\/image\/","url":"https:\/\/www.viconvino.com\/wp-content\/uploads\/2021\/05\/viconvino_mail.png","contentUrl":"https:\/\/www.viconvino.com\/wp-content\/uploads\/2021\/05\/viconvino_mail.png","width":424,"height":258,"caption":"Viconvino"},"image":{"@id":"https:\/\/www.viconvino.com\/ca\/#\/schema\/logo\/image\/"},"sameAs":["https:\/\/www.facebook.com\/viconvino","https:\/\/www.instagram.com\/viconvino\/"]}]}},"_links":{"self":[{"href":"https:\/\/www.viconvino.com\/ca\/wp-json\/wp\/v2\/product\/8264","targetHints":{"allow":["GET"]}}],"collection":[{"href":"https:\/\/www.viconvino.com\/ca\/wp-json\/wp\/v2\/product"}],"about":[{"href":"https:\/\/www.viconvino.com\/ca\/wp-json\/wp\/v2\/types\/product"}],"wp:featuredmedia":[{"embeddable":true,"href":"https:\/\/www.viconvino.com\/ca\/wp-json\/wp\/v2\/media\/8396"}],"wp:attachment":[{"href":"https:\/\/www.viconvino.com\/ca\/wp-json\/wp\/v2\/media?parent=8264"}],"wp:term":[{"taxonomy":"product_brand","embeddable":true,"href":"https:\/\/www.viconvino.com\/ca\/wp-json\/wp\/v2\/product_brand?post=8264"},{"taxonomy":"product_cat","embeddable":true,"href":"https:\/\/www.viconvino.com\/ca\/wp-json\/wp\/v2\/product_cat?post=8264"},{"taxonomy":"product_tag","embeddable":true,"href":"https:\/\/www.viconvino.com\/ca\/wp-json\/wp\/v2\/product_tag?post=8264"}],"curies":[{"name":"wp","href":"https:\/\/api.w.org\/{rel}","templated":true}]}}