{"id":8731,"date":"2024-07-01T12:54:44","date_gmt":"2025-02-19T18:34:18","guid":{"rendered":"https:\/\/www.viconvino.com\/producto\/lot-de-vins-seleccio-viconvino\/"},"modified":"2025-02-19T18:34:18","modified_gmt":"2025-02-19T18:34:18","slug":"lot-de-vins-seleccio-viconvino","status":"publish","type":"product","link":"https:\/\/www.viconvino.com\/ca\/producte\/lot-de-vins-seleccio-viconvino\/","title":{"rendered":"Lot de vins selecci\u00f3 Viconvino"},"content":{"rendered":"<p>Lot de 3 ampolles que ofereix una selecci\u00f3 de vins triats per la nostra sommelier.<\/p>\n<p>Cada ampolla ha estat seleccionada per la seva qualitat i car\u00e0cter, oferint una experi\u00e8ncia de degustaci\u00f3 que \u00e9s alhora educativa i plaent.<\/p>\n<p>El lot inclou una explicaci\u00f3 detallada de cada vi i es presenta en una elegant caixa de regal.<\/p>\n","protected":false},"excerpt":{"rendered":"<p>Lot de 3 vins seleccionats per la nostra sommelier<\/p>\n<p>Enviament incl\u00f2s<\/p>\n<p>Descripci\u00f3 dels vins i caixa de regal<\/p>\n","protected":false},"featured_media":8438,"template":"","meta":[],"product_brand":[],"product_cat":[288],"product_tag":[],"class_list":{"0":"post-8731","1":"product","2":"type-product","3":"status-publish","4":"has-post-thumbnail","6":"product_cat-packs","7":"product_shipping_class-gratis-ca","9":"first","10":"instock","11":"shipping-taxable","12":"purchasable","13":"product-type-simple"},"yoast_head":"<!-- This site is optimized with the Yoast SEO plugin v27.0 - https:\/\/yoast.com\/product\/yoast-seo-wordpress\/ -->\n<title>Lot de vins selecci\u00f3 Viconvino - viconvino.com<\/title>\n<meta name=\"robots\" content=\"index, follow, max-snippet:-1, max-image-preview:large, max-video-preview:-1\" \/>\n<link rel=\"canonical\" href=\"https:\/\/www.viconvino.com\/ca\/producte\/lot-de-vins-seleccio-viconvino\/\" \/>\n<meta property=\"og:locale\" content=\"ca_ES\" \/>\n<meta property=\"og:type\" content=\"article\" \/>\n<meta property=\"og:title\" content=\"Lot de vins selecci\u00f3 Viconvino - viconvino.com\" \/>\n<meta property=\"og:description\" content=\"Lot de 3 vins seleccionats per la nostra sommelierEnviament incl\u00f2sDescripci\u00f3 dels vins i caixa de regal\" \/>\n<meta property=\"og:url\" content=\"https:\/\/www.viconvino.com\/ca\/producte\/lot-de-vins-seleccio-viconvino\/\" \/>\n<meta property=\"og:site_name\" content=\"viconvino.com\" \/>\n<meta property=\"article:publisher\" content=\"https:\/\/www.facebook.com\/viconvino\" \/>\n<meta property=\"og:image\" content=\"https:\/\/www.viconvino.com\/wp-content\/uploads\/2024\/01\/lote-de-vinos-2.png\" \/>\n\t<meta property=\"og:image:width\" content=\"433\" \/>\n\t<meta property=\"og:image:height\" content=\"577\" \/>\n\t<meta property=\"og:image:type\" content=\"image\/png\" \/>\n<meta name=\"twitter:card\" content=\"summary_large_image\" \/>\n<!-- \/ Yoast SEO plugin. -->","yoast_head_json":{"title":"Lot de vins selecci\u00f3 Viconvino - viconvino.com","robots":{"index":"index","follow":"follow","max-snippet":"max-snippet:-1","max-image-preview":"max-image-preview:large","max-video-preview":"max-video-preview:-1"},"canonical":"https:\/\/www.viconvino.com\/ca\/producte\/lot-de-vins-seleccio-viconvino\/","og_locale":"ca_ES","og_type":"article","og_title":"Lot de vins selecci\u00f3 Viconvino - viconvino.com","og_description":"Lot de 3 vins seleccionats per la nostra sommelierEnviament incl\u00f2sDescripci\u00f3 dels vins i caixa de regal","og_url":"https:\/\/www.viconvino.com\/ca\/producte\/lot-de-vins-seleccio-viconvino\/","og_site_name":"viconvino.com","article_publisher":"https:\/\/www.facebook.com\/viconvino","og_image":[{"width":433,"height":577,"url":"https:\/\/www.viconvino.com\/wp-content\/uploads\/2024\/01\/lote-de-vinos-2.png","type":"image\/png"}],"twitter_card":"summary_large_image","schema":{"@context":"https:\/\/schema.org","@graph":[{"@type":"WebPage","@id":"https:\/\/www.viconvino.com\/ca\/producte\/lot-de-vins-seleccio-viconvino\/","url":"https:\/\/www.viconvino.com\/ca\/producte\/lot-de-vins-seleccio-viconvino\/","name":"Lot de vins selecci\u00f3 Viconvino - viconvino.com","isPartOf":{"@id":"https:\/\/www.viconvino.com\/ca\/#website"},"primaryImageOfPage":{"@id":"https:\/\/www.viconvino.com\/ca\/producte\/lot-de-vins-seleccio-viconvino\/#primaryimage"},"image":{"@id":"https:\/\/www.viconvino.com\/ca\/producte\/lot-de-vins-seleccio-viconvino\/#primaryimage"},"thumbnailUrl":"https:\/\/www.viconvino.com\/wp-content\/uploads\/2024\/01\/lote-de-vinos-2.png","datePublished":"2025-02-19T18:34:18+00:00","breadcrumb":{"@id":"https:\/\/www.viconvino.com\/ca\/producte\/lot-de-vins-seleccio-viconvino\/#breadcrumb"},"inLanguage":"ca","potentialAction":[{"@type":"ReadAction","target":["https:\/\/www.viconvino.com\/ca\/producte\/lot-de-vins-seleccio-viconvino\/"]}]},{"@type":"ImageObject","inLanguage":"ca","@id":"https:\/\/www.viconvino.com\/ca\/producte\/lot-de-vins-seleccio-viconvino\/#primaryimage","url":"https:\/\/www.viconvino.com\/wp-content\/uploads\/2024\/01\/lote-de-vinos-2.png","contentUrl":"https:\/\/www.viconvino.com\/wp-content\/uploads\/2024\/01\/lote-de-vinos-2.png","width":433,"height":577},{"@type":"BreadcrumbList","@id":"https:\/\/www.viconvino.com\/ca\/producte\/lot-de-vins-seleccio-viconvino\/#breadcrumb","itemListElement":[{"@type":"ListItem","position":1,"name":"Portada","item":"https:\/\/www.viconvino.com\/ca\/"},{"@type":"ListItem","position":2,"name":"Botiga Online","item":"https:\/\/www.viconvino.com\/ca\/botiga-online\/"},{"@type":"ListItem","position":3,"name":"Lot de vins selecci\u00f3 Viconvino"}]},{"@type":"WebSite","@id":"https:\/\/www.viconvino.com\/ca\/#website","url":"https:\/\/www.viconvino.com\/ca\/","name":"viconvino.com","description":"Bienvenidos a nuestro universo del vino. El lugar en el que encontrar\u00e1s el regalo perfecto relacionado con el mundo del vino.","publisher":{"@id":"https:\/\/www.viconvino.com\/ca\/#organization"},"potentialAction":[{"@type":"SearchAction","target":{"@type":"EntryPoint","urlTemplate":"https:\/\/www.viconvino.com\/ca\/?s={search_term_string}"},"query-input":{"@type":"PropertyValueSpecification","valueRequired":true,"valueName":"search_term_string"}}],"inLanguage":"ca"},{"@type":"Organization","@id":"https:\/\/www.viconvino.com\/ca\/#organization","name":"Viconvino","url":"https:\/\/www.viconvino.com\/ca\/","logo":{"@type":"ImageObject","inLanguage":"ca","@id":"https:\/\/www.viconvino.com\/ca\/#\/schema\/logo\/image\/","url":"https:\/\/www.viconvino.com\/wp-content\/uploads\/2021\/05\/viconvino_mail.png","contentUrl":"https:\/\/www.viconvino.com\/wp-content\/uploads\/2021\/05\/viconvino_mail.png","width":424,"height":258,"caption":"Viconvino"},"image":{"@id":"https:\/\/www.viconvino.com\/ca\/#\/schema\/logo\/image\/"},"sameAs":["https:\/\/www.facebook.com\/viconvino","https:\/\/www.instagram.com\/viconvino\/"]}]}},"_links":{"self":[{"href":"https:\/\/www.viconvino.com\/ca\/wp-json\/wp\/v2\/product\/8731","targetHints":{"allow":["GET"]}}],"collection":[{"href":"https:\/\/www.viconvino.com\/ca\/wp-json\/wp\/v2\/product"}],"about":[{"href":"https:\/\/www.viconvino.com\/ca\/wp-json\/wp\/v2\/types\/product"}],"wp:featuredmedia":[{"embeddable":true,"href":"https:\/\/www.viconvino.com\/ca\/wp-json\/wp\/v2\/media\/8438"}],"wp:attachment":[{"href":"https:\/\/www.viconvino.com\/ca\/wp-json\/wp\/v2\/media?parent=8731"}],"wp:term":[{"taxonomy":"product_brand","embeddable":true,"href":"https:\/\/www.viconvino.com\/ca\/wp-json\/wp\/v2\/product_brand?post=8731"},{"taxonomy":"product_cat","embeddable":true,"href":"https:\/\/www.viconvino.com\/ca\/wp-json\/wp\/v2\/product_cat?post=8731"},{"taxonomy":"product_tag","embeddable":true,"href":"https:\/\/www.viconvino.com\/ca\/wp-json\/wp\/v2\/product_tag?post=8731"}],"curies":[{"name":"wp","href":"https:\/\/api.w.org\/{rel}","templated":true}]}}